{"id":130,"date":"2018-11-13T14:42:25","date_gmt":"2018-11-13T14:42:25","guid":{"rendered":"https:\/\/themes.getmotopress.com\/palmeria\/?page_id=130"},"modified":"2024-02-27T22:19:02","modified_gmt":"2024-02-27T21:19:02","slug":"o-canju","status":"publish","type":"page","link":"https:\/\/canj.net\/index.php\/o-canju\/","title":{"rendered":"O \u010canju"},"content":{"rendered":"\n<div class=\"wp-block-columns has-2-columns is-layout-flex wp-container-core-columns-is-layout-9d6595d7 wp-block-columns-is-layout-flex\">\n<div class=\"wp-block-column is-layout-flow wp-block-column-is-layout-flow\">\n<figure class=\"wp-block-image size-large\"><img loading=\"lazy\" decoding=\"async\" width=\"1024\" height=\"565\" src=\"https:\/\/canj.net\/wp-content\/uploads\/2020\/06\/fixed-background-2-1024x565.jpg\" alt=\"\" class=\"wp-image-626\" srcset=\"https:\/\/canj.net\/wp-content\/uploads\/2020\/06\/fixed-background-2-1024x565.jpg 1024w, https:\/\/canj.net\/wp-content\/uploads\/2020\/06\/fixed-background-2-300x165.jpg 300w, https:\/\/canj.net\/wp-content\/uploads\/2020\/06\/fixed-background-2-768x424.jpg 768w, https:\/\/canj.net\/wp-content\/uploads\/2020\/06\/fixed-background-2-1536x847.jpg 1536w, https:\/\/canj.net\/wp-content\/uploads\/2020\/06\/fixed-background-2-892x492.jpg 892w, https:\/\/canj.net\/wp-content\/uploads\/2020\/06\/fixed-background-2.jpg 2000w\" sizes=\"auto, (max-width: 1024px) 100vw, 1024px\" \/><figcaption>Pogled iz Levant Guest House<\/figcaption><\/figure>\n\n\n\n<figure class=\"wp-block-image size-large\"><img loading=\"lazy\" decoding=\"async\" width=\"492\" height=\"377\" src=\"https:\/\/canj.net\/wp-content\/uploads\/2020\/06\/canj-magacin.jpg\" alt=\"\" class=\"wp-image-627\" srcset=\"https:\/\/canj.net\/wp-content\/uploads\/2020\/06\/canj-magacin.jpg 492w, https:\/\/canj.net\/wp-content\/uploads\/2020\/06\/canj-magacin-300x230.jpg 300w\" sizes=\"auto, (max-width: 492px) 100vw, 492px\" \/><figcaption>\u010canjska pla\u017ea u vrijeme kada je kori\u0161\u0107ena kao pomo\u0107na luka<\/figcaption><\/figure>\n\n\n\n<blockquote class=\"wp-block-quote is-layout-flow wp-block-quote-is-layout-flow\"><p>\u010cANJ &#8211; \u017divopisna uvala \u015beverozapadno od Sutomora, s pre-krasnom pla\u017eom. Ime je dobilo po starom plemenu \u010cani, \u010dije su bronzane \u015bekire na\u0111ene na ovom lokalitetu.<\/p><cite>Borislav Stojovi\u0107 (<strong><a rel=\"noreferrer noopener\" href=\"http:\/\/www.maticacrnogorska.me\/files\/45\/06%20borislav%20stojovic.pdf\" target=\"_blank\">PDF<\/a><\/strong>)<\/cite><\/blockquote>\n<\/div>\n\n\n\n<div class=\"wp-block-column is-layout-flow wp-block-column-is-layout-flow\">\n<p>Nekada\u0161nje <em>radni\u010dko odmarali\u0161te Biserna Obala \u010canj<\/em> je do\u017eivjelo puno promjena od svoje inicijalne izgradnje. Sa svojom veoma pogodnom pozicijom na izlazu tunela Sozina, koji povezuje primorje sa kontinentalnim dijelom dr\u017eave, \u010canj je interesantno mjesto za sve koji \u017eele da u potpunosti istra\u017ee Crnu Goru. <\/p>\n\n\n\n<p>\u010canj je svoju istoriju zapo\u010deo relativno kasno u 18 vijeku, kada je kori\u0161\u0107en kao alternativna luka tokom vremena kada Kotor i Bar nijesu bili pristupa\u010dni. Izgra\u0111eni kameni magacin je jedini ostatak iz ovog doba istorije ovog malog mjesta. Sedamdesetih godina XX vijeka u \u010canju se gradi turisti\u010dko naselje &#8220;Biserna Obala&#8221; i postaje porodi\u010dno ljetovali\u0161te velikog broja gostiju.<\/p>\n\n\n\n<p>Ono \u0161to je klju\u010dni momenat u razvoju ovog malog mjesta je 13 Jul 2005 kada se otvara tunel Sozina u neposrednoj blizini. Tunel postaje glavni izlaz magistralnog puta koji vodi prema glavnom gradu i dalje prema magistralnom putu kojim se Crna Gora povezuje sa Srbijom i Bosnom &amp; Hercegovinom.<\/p>\n\n\n\n<p>Takodje, treba re\u0107i da je \u010canj na samoj sredini crnogorske obale, pa je mogu\u0107e u roku od najvi\u0161e sat vremena sti\u0107i do bilo kog dijela rivijere.<\/p>\n\n\n\n<p>Uz malo volje mogu\u0107e je jednog dana u\u017eivati u uli\u010dicama starog grada Kotora ili za stolom nekog bistroa na prelijepom \u0161etali\u0161tu Perasta, a drugog na beskona\u010dnoj pjeskovitoj pla\u017ei Ulcinja. <\/p>\n\n\n\n<p>Za porodice koje \u017eele da se odmore i za osobe koji preferiraju mirnija mjesta ovo malo mjesto nudi odsutnost diskoteka i ulica sa redovima barova, male prijatne restorane sa razumnim cijenama i \u017eivahno \u0161etali\u0161te. Ono \u0161to je najva\u017enije na kraju va\u0161eg boravka su dobra sje\u0107anja i do\u017eivljaji koje \u0107ete prepri\u010davati do novog ljeta, do novih do\u017eivljaja.<\/p>\n<\/div>\n<\/div>\n\n\n\n<div style=\"height:40px\" class=\"wp-block-spacer\"><\/div>\n\n\n\n<hr class=\"wp-block-separator is-style-wide\"\/>\n\n\n\n<div style=\"height:30px\" class=\"wp-block-spacer\"><\/div>\n\n\n\n<div class=\"wp-block-columns has-2-columns is-layout-flex wp-container-core-columns-is-layout-9d6595d7 wp-block-columns-is-layout-flex\">\n<div class=\"wp-block-column is-layout-flow wp-block-column-is-layout-flow\">\n<h2 class=\"wp-block-heading\"><strong>Tri odli\u010dne lokacije za va\u0161 boravak u \u010canju &#8211; nevjerovatne lokacije po bud\u017eet cijeni!&nbsp;<\/strong><\/h2>\n<\/div>\n\n\n\n<div class=\"wp-block-column is-layout-flow wp-block-column-is-layout-flow\">\n<p><strong>Levant Guest House<\/strong> je odli\u010dan izbor za porodice. Sastoji se od studio apartmanima opremljenih mini kuhinjama, a nalazi se na kraju velike zelene povr\u0161ine koja je dijeli od pla\u017ee. <\/p>\n\n\n\n<p><strong>Pi\u0161telji\u0107a ku\u0107a<\/strong> se nalazi u Mi\u0161i\u0107ima, malom selu koje je naseljeno starosjediocima ovog kraja. Nalazi se iznad \u010canja, na starom rimskom putu od Ulcinja za Budvu. Ljeti je ovdje temperatura ne\u0161to ni\u017ea zbog okolne \u0161ume i (posebno ve\u010dernjeg) strujanja vazduha sa vrha brda. Do mora se silazi putem koje se nalazi na udaljenosti od 1600m.<\/p>\n\n\n\n<p>Tre\u0107a lokacija je <strong>Vila Branka<\/strong>, na samoj obali mora. Ovaj dio \u010canja je okru\u017een borovima i \u010dempresima i idealno je mjesto za ljude koji vole more, ali ne toliko i pla\u017eu. Zato je mogu\u0107e, iz dvori\u0161nog hlada koje se nalazi pored rive, po\u0107i direktno u more, okupati se, i zatim vratiti u prijatan zeleni ambijent. <\/p>\n<\/div>\n<\/div>\n\n\n\n<div style=\"height:30px\" class=\"wp-block-spacer\"><\/div>\n\n\n\n<hr class=\"wp-block-separator is-style-wide\"\/>\n\n\n\n<div style=\"height:40px\" class=\"wp-block-spacer\"><\/div>\n\n\n\n<h2 class=\"has-text-align-center wp-block-heading\"><strong>Na\u0161i sadr\u017eaji<\/strong><\/h2>\n\n\n\n<p class=\"has-text-align-center\">Iako malo mjesto, u \u010canju ima dovoljno interesantnih sadr\u017eaja da popunite svoj dan i u\u017eivate u svom ljetovanju. Ako ostajete kratko ili na du\u017ei period, imamo pone\u0161to svakog dana za vas.<\/p>\n\n\n\n<div style=\"height:30px\" class=\"wp-block-spacer\"><\/div>\n\n\n\n<div class=\"wp-block-columns has-3-columns is-layout-flex wp-container-core-columns-is-layout-9d6595d7 wp-block-columns-is-layout-flex\">\n<div class=\"wp-block-column is-layout-flow wp-block-column-is-layout-flow\">\n<figure class=\"wp-block-image size-large\"><img loading=\"lazy\" decoding=\"async\" width=\"1024\" height=\"683\" src=\"https:\/\/canj.net\/wp-content\/uploads\/2020\/06\/kraljicinaplaza.jpg\" alt=\"\" class=\"wp-image-636\" srcset=\"https:\/\/canj.net\/wp-content\/uploads\/2020\/06\/kraljicinaplaza.jpg 1024w, https:\/\/canj.net\/wp-content\/uploads\/2020\/06\/kraljicinaplaza-300x200.jpg 300w, https:\/\/canj.net\/wp-content\/uploads\/2020\/06\/kraljicinaplaza-768x512.jpg 768w, https:\/\/canj.net\/wp-content\/uploads\/2020\/06\/kraljicinaplaza-892x594.jpg 892w, https:\/\/canj.net\/wp-content\/uploads\/2020\/06\/kraljicinaplaza-150x100.jpg 150w\" sizes=\"auto, (max-width: 1024px) 100vw, 1024px\" \/><\/figure>\n\n\n\n<h5 class=\"wp-block-heading\"><strong>Kralji\u010dina pla\u017ea<\/strong><\/h5>\n\n\n\n<p>Izdvojte dan na pla\u017ei do koje se mo\u017ee do\u0107i samo morskim putem &#8211; brodi\u0107em ili \u010damcem.<\/p>\n<\/div>\n\n\n\n<div class=\"wp-block-column is-layout-flow wp-block-column-is-layout-flow\">\n<figure class=\"wp-block-image size-large\"><img loading=\"lazy\" decoding=\"async\" width=\"1024\" height=\"683\" src=\"https:\/\/canj.net\/wp-content\/uploads\/2020\/06\/pjacabar.jpg\" alt=\"\" class=\"wp-image-638\" srcset=\"https:\/\/canj.net\/wp-content\/uploads\/2020\/06\/pjacabar.jpg 1024w, https:\/\/canj.net\/wp-content\/uploads\/2020\/06\/pjacabar-300x200.jpg 300w, https:\/\/canj.net\/wp-content\/uploads\/2020\/06\/pjacabar-768x512.jpg 768w, https:\/\/canj.net\/wp-content\/uploads\/2020\/06\/pjacabar-892x594.jpg 892w, https:\/\/canj.net\/wp-content\/uploads\/2020\/06\/pjacabar-150x100.jpg 150w\" sizes=\"auto, (max-width: 1024px) 100vw, 1024px\" \/><\/figure>\n\n\n\n<h5 class=\"wp-block-heading\"><strong>Barska pjaca<\/strong><\/h5>\n\n\n\n<p>Pijaca je mjesto gdje se najbolje mo\u017ee upoznati kultura nekog kraja. Hrana i razgovor!<\/p>\n<\/div>\n\n\n\n<div class=\"wp-block-column is-layout-flow wp-block-column-is-layout-flow\">\n<figure class=\"wp-block-image size-large\"><img loading=\"lazy\" decoding=\"async\" width=\"1024\" height=\"683\" src=\"https:\/\/canj.net\/wp-content\/uploads\/2020\/07\/petrovac-formated.jpg\" alt=\"\" class=\"wp-image-644\" srcset=\"https:\/\/canj.net\/wp-content\/uploads\/2020\/07\/petrovac-formated.jpg 1024w, https:\/\/canj.net\/wp-content\/uploads\/2020\/07\/petrovac-formated-300x200.jpg 300w, https:\/\/canj.net\/wp-content\/uploads\/2020\/07\/petrovac-formated-768x512.jpg 768w, https:\/\/canj.net\/wp-content\/uploads\/2020\/07\/petrovac-formated-892x594.jpg 892w, https:\/\/canj.net\/wp-content\/uploads\/2020\/07\/petrovac-formated-150x100.jpg 150w\" sizes=\"auto, (max-width: 1024px) 100vw, 1024px\" \/><\/figure>\n\n\n\n<h5 class=\"wp-block-heading\"><strong>Ve\u010dera u Petrovcu<\/strong><\/h5>\n\n\n\n<p>provedite ve\u010de u prelijepom ambijentu starog grada. Na 15 minuta od \u010canja!<\/p>\n<\/div>\n<\/div>\n\n\n\n<div class=\"wp-block-columns has-3-columns is-layout-flex wp-container-core-columns-is-layout-9d6595d7 wp-block-columns-is-layout-flex\">\n<div class=\"wp-block-column is-layout-flow wp-block-column-is-layout-flow\">\n<figure class=\"wp-block-image size-large\"><img loading=\"lazy\" decoding=\"async\" width=\"1024\" height=\"683\" src=\"https:\/\/canj.net\/wp-content\/uploads\/2020\/07\/karuc.jpg\" alt=\"\" class=\"wp-image-659\" srcset=\"https:\/\/canj.net\/wp-content\/uploads\/2020\/07\/karuc.jpg 1024w, https:\/\/canj.net\/wp-content\/uploads\/2020\/07\/karuc-300x200.jpg 300w, https:\/\/canj.net\/wp-content\/uploads\/2020\/07\/karuc-768x512.jpg 768w, https:\/\/canj.net\/wp-content\/uploads\/2020\/07\/karuc-892x594.jpg 892w, https:\/\/canj.net\/wp-content\/uploads\/2020\/07\/karuc-150x100.jpg 150w\" sizes=\"auto, (max-width: 1024px) 100vw, 1024px\" \/><\/figure>\n\n\n\n<h5 class=\"wp-block-heading\"><strong>Skadarsko jezero<\/strong><\/h5>\n\n\n\n<p>Promijenite plan i ostanite dan na Skadarskom jezeru uz crmnicko vino i dimljeni krap.<\/p>\n<\/div>\n\n\n\n<div class=\"wp-block-column is-layout-flow wp-block-column-is-layout-flow\">\n<figure class=\"wp-block-image size-large\"><img loading=\"lazy\" decoding=\"async\" width=\"1024\" height=\"683\" src=\"https:\/\/canj.net\/wp-content\/uploads\/2020\/07\/staramaslina-format.jpg\" alt=\"\" class=\"wp-image-651\" srcset=\"https:\/\/canj.net\/wp-content\/uploads\/2020\/07\/staramaslina-format.jpg 1024w, https:\/\/canj.net\/wp-content\/uploads\/2020\/07\/staramaslina-format-300x200.jpg 300w, https:\/\/canj.net\/wp-content\/uploads\/2020\/07\/staramaslina-format-768x512.jpg 768w, https:\/\/canj.net\/wp-content\/uploads\/2020\/07\/staramaslina-format-892x594.jpg 892w, https:\/\/canj.net\/wp-content\/uploads\/2020\/07\/staramaslina-format-150x100.jpg 150w\" sizes=\"auto, (max-width: 1024px) 100vw, 1024px\" \/><\/figure>\n\n\n\n<h5 class=\"wp-block-heading\"><strong><script>document.write(new Date().getFullYear()+225)<\/script> godina stara <\/strong><\/h5>\n\n\n\n<p>Posjetite Barske maslinjake i maslinu staru preko dva milenijuma.<\/p>\n\n\n\n<p><\/p>\n<\/div>\n\n\n\n<div class=\"wp-block-column is-layout-flow wp-block-column-is-layout-flow\">\n<figure class=\"wp-block-image\"><img loading=\"lazy\" decoding=\"async\" width=\"1024\" height=\"683\" src=\"https:\/\/themes.getmotopress.com\/palmeria\/wp-content\/uploads\/sites\/24\/2018\/11\/secret_boat_tour-1024x683.jpg\" alt=\"\" class=\"wp-image-12\" srcset=\"https:\/\/canj.net\/wp-content\/uploads\/2018\/11\/secret_boat_tour-1024x683.jpg 1024w, https:\/\/canj.net\/wp-content\/uploads\/2018\/11\/secret_boat_tour-300x200.jpg 300w, https:\/\/canj.net\/wp-content\/uploads\/2018\/11\/secret_boat_tour-768x512.jpg 768w, https:\/\/canj.net\/wp-content\/uploads\/2018\/11\/secret_boat_tour-1536x1024.jpg 1536w, https:\/\/canj.net\/wp-content\/uploads\/2018\/11\/secret_boat_tour-2048x1366.jpg 2048w, https:\/\/canj.net\/wp-content\/uploads\/2018\/11\/secret_boat_tour-892x594.jpg 892w, https:\/\/canj.net\/wp-content\/uploads\/2018\/11\/secret_boat_tour-150x100.jpg 150w\" sizes=\"auto, (max-width: 1024px) 100vw, 1024px\" \/><\/figure>\n\n\n\n<h5 class=\"wp-block-heading\"><strong>Brodske ture<\/strong><\/h5>\n\n\n\n<p>Svakodnevne ture startuju u Baru i idu du\u017e obale, zaustavljaju\u0107i se i u \u010canju.<\/p>\n<\/div>\n<\/div>\n\n\n\n<div style=\"height:30px\" class=\"wp-block-spacer\"><\/div>\n\n\n\n<hr class=\"wp-block-separator is-style-wide\"\/>\n\n\n\n<div style=\"height:30px\" class=\"wp-block-spacer\"><\/div>\n\n\n\n<div class=\"wp-block-columns has-2-columns is-layout-flex wp-container-core-columns-is-layout-9d6595d7 wp-block-columns-is-layout-flex\">\n<div class=\"wp-block-column is-layout-flow wp-block-column-is-layout-flow\">\n<h2 class=\"wp-block-heading\"><strong>Nezaboravne uspomene!<\/strong><\/h2>\n\n\n\n<p>Kada poslije nekoliko godina pogledate slike ljetovanja, ne zaboravite i neke koje ce vas podsjetiti na prirodne ljepote Crne Gore.<\/p>\n\n\n\n<figure class=\"wp-block-gallery columns-2 is-cropped wp-block-gallery-1 is-layout-flex wp-block-gallery-is-layout-flex\"><ul class=\"blocks-gallery-grid\"><li class=\"blocks-gallery-item\"><figure><img loading=\"lazy\" decoding=\"async\" width=\"1024\" height=\"650\" src=\"https:\/\/canj.net\/wp-content\/uploads\/2020\/07\/canj_obala-1024x650.jpg\" alt=\"\" data-id=\"663\" data-full-url=\"https:\/\/canj.net\/wp-content\/uploads\/2020\/07\/canj_obala.jpg\" data-link=\"https:\/\/canj.net\/index.php\/o-canju\/canj_obala\/\" class=\"wp-image-663\" srcset=\"https:\/\/canj.net\/wp-content\/uploads\/2020\/07\/canj_obala-1024x650.jpg 1024w, https:\/\/canj.net\/wp-content\/uploads\/2020\/07\/canj_obala-300x190.jpg 300w, https:\/\/canj.net\/wp-content\/uploads\/2020\/07\/canj_obala-768x487.jpg 768w, https:\/\/canj.net\/wp-content\/uploads\/2020\/07\/canj_obala-1536x974.jpg 1536w, https:\/\/canj.net\/wp-content\/uploads\/2020\/07\/canj_obala-892x566.jpg 892w, https:\/\/canj.net\/wp-content\/uploads\/2020\/07\/canj_obala.jpg 1600w\" sizes=\"auto, (max-width: 1024px) 100vw, 1024px\" \/><\/figure><\/li><li class=\"blocks-gallery-item\"><figure><img loading=\"lazy\" decoding=\"async\" width=\"1024\" height=\"650\" src=\"https:\/\/canj.net\/wp-content\/uploads\/2020\/07\/Boka-Kotorska-1024x650.jpg\" alt=\"\" data-id=\"664\" data-full-url=\"https:\/\/canj.net\/wp-content\/uploads\/2020\/07\/Boka-Kotorska.jpg\" data-link=\"https:\/\/canj.net\/index.php\/o-canju\/boka-kotorska\/\" class=\"wp-image-664\" srcset=\"https:\/\/canj.net\/wp-content\/uploads\/2020\/07\/Boka-Kotorska-1024x650.jpg 1024w, https:\/\/canj.net\/wp-content\/uploads\/2020\/07\/Boka-Kotorska-300x190.jpg 300w, https:\/\/canj.net\/wp-content\/uploads\/2020\/07\/Boka-Kotorska-768x487.jpg 768w, https:\/\/canj.net\/wp-content\/uploads\/2020\/07\/Boka-Kotorska-1536x974.jpg 1536w, https:\/\/canj.net\/wp-content\/uploads\/2020\/07\/Boka-Kotorska-892x566.jpg 892w, https:\/\/canj.net\/wp-content\/uploads\/2020\/07\/Boka-Kotorska.jpg 1600w\" sizes=\"auto, (max-width: 1024px) 100vw, 1024px\" \/><\/figure><\/li><li class=\"blocks-gallery-item\"><figure><img loading=\"lazy\" decoding=\"async\" width=\"1024\" height=\"650\" src=\"https:\/\/canj.net\/wp-content\/uploads\/2020\/07\/Budva_stari_grad_nocu_-_panoramio-1024x650.jpg\" alt=\"\" data-id=\"665\" data-full-url=\"https:\/\/canj.net\/wp-content\/uploads\/2020\/07\/Budva_stari_grad_nocu_-_panoramio.jpg\" data-link=\"https:\/\/canj.net\/index.php\/o-canju\/budva_stari_grad_nocu_-_panoramio\/\" class=\"wp-image-665\" srcset=\"https:\/\/canj.net\/wp-content\/uploads\/2020\/07\/Budva_stari_grad_nocu_-_panoramio-1024x650.jpg 1024w, https:\/\/canj.net\/wp-content\/uploads\/2020\/07\/Budva_stari_grad_nocu_-_panoramio-300x190.jpg 300w, https:\/\/canj.net\/wp-content\/uploads\/2020\/07\/Budva_stari_grad_nocu_-_panoramio-768x487.jpg 768w, https:\/\/canj.net\/wp-content\/uploads\/2020\/07\/Budva_stari_grad_nocu_-_panoramio-1536x974.jpg 1536w, https:\/\/canj.net\/wp-content\/uploads\/2020\/07\/Budva_stari_grad_nocu_-_panoramio-892x566.jpg 892w, https:\/\/canj.net\/wp-content\/uploads\/2020\/07\/Budva_stari_grad_nocu_-_panoramio.jpg 1600w\" sizes=\"auto, (max-width: 1024px) 100vw, 1024px\" \/><\/figure><\/li><li class=\"blocks-gallery-item\"><figure><img loading=\"lazy\" decoding=\"async\" width=\"1024\" height=\"650\" src=\"https:\/\/canj.net\/wp-content\/uploads\/2020\/07\/Virpazar-by-train-1024x650.jpg\" alt=\"\" data-id=\"666\" data-full-url=\"https:\/\/canj.net\/wp-content\/uploads\/2020\/07\/Virpazar-by-train.jpg\" data-link=\"https:\/\/canj.net\/index.php\/o-canju\/virpazar-by-train\/\" class=\"wp-image-666\" srcset=\"https:\/\/canj.net\/wp-content\/uploads\/2020\/07\/Virpazar-by-train-1024x650.jpg 1024w, https:\/\/canj.net\/wp-content\/uploads\/2020\/07\/Virpazar-by-train-300x190.jpg 300w, https:\/\/canj.net\/wp-content\/uploads\/2020\/07\/Virpazar-by-train-768x487.jpg 768w, https:\/\/canj.net\/wp-content\/uploads\/2020\/07\/Virpazar-by-train-1536x974.jpg 1536w, https:\/\/canj.net\/wp-content\/uploads\/2020\/07\/Virpazar-by-train-892x566.jpg 892w, https:\/\/canj.net\/wp-content\/uploads\/2020\/07\/Virpazar-by-train.jpg 1600w\" sizes=\"auto, (max-width: 1024px) 100vw, 1024px\" \/><\/figure><\/li><li class=\"blocks-gallery-item\"><figure><img loading=\"lazy\" decoding=\"async\" width=\"1024\" height=\"650\" src=\"https:\/\/canj.net\/wp-content\/uploads\/2020\/07\/kiteloop-kitesurfer-girl-exiting-from-water-min-1024x650.jpg\" alt=\"\" data-id=\"667\" data-full-url=\"https:\/\/canj.net\/wp-content\/uploads\/2020\/07\/kiteloop-kitesurfer-girl-exiting-from-water-min.jpg\" data-link=\"https:\/\/canj.net\/index.php\/o-canju\/kiteloop-kitesurfer-girl-exiting-from-water-min\/\" class=\"wp-image-667\" srcset=\"https:\/\/canj.net\/wp-content\/uploads\/2020\/07\/kiteloop-kitesurfer-girl-exiting-from-water-min-1024x650.jpg 1024w, https:\/\/canj.net\/wp-content\/uploads\/2020\/07\/kiteloop-kitesurfer-girl-exiting-from-water-min-300x190.jpg 300w, https:\/\/canj.net\/wp-content\/uploads\/2020\/07\/kiteloop-kitesurfer-girl-exiting-from-water-min-768x487.jpg 768w, https:\/\/canj.net\/wp-content\/uploads\/2020\/07\/kiteloop-kitesurfer-girl-exiting-from-water-min-1536x974.jpg 1536w, https:\/\/canj.net\/wp-content\/uploads\/2020\/07\/kiteloop-kitesurfer-girl-exiting-from-water-min-892x566.jpg 892w, https:\/\/canj.net\/wp-content\/uploads\/2020\/07\/kiteloop-kitesurfer-girl-exiting-from-water-min.jpg 1600w\" sizes=\"auto, (max-width: 1024px) 100vw, 1024px\" \/><\/figure><\/li><li class=\"blocks-gallery-item\"><figure><img loading=\"lazy\" decoding=\"async\" width=\"1024\" height=\"650\" src=\"https:\/\/canj.net\/wp-content\/uploads\/2020\/07\/PICT2811-1024x650.jpg\" alt=\"\" data-id=\"668\" data-full-url=\"https:\/\/canj.net\/wp-content\/uploads\/2020\/07\/PICT2811.jpg\" data-link=\"https:\/\/canj.net\/index.php\/o-canju\/minolta-dsc\/\" class=\"wp-image-668\" srcset=\"https:\/\/canj.net\/wp-content\/uploads\/2020\/07\/PICT2811-1024x650.jpg 1024w, https:\/\/canj.net\/wp-content\/uploads\/2020\/07\/PICT2811-300x190.jpg 300w, https:\/\/canj.net\/wp-content\/uploads\/2020\/07\/PICT2811-768x487.jpg 768w, https:\/\/canj.net\/wp-content\/uploads\/2020\/07\/PICT2811-1536x974.jpg 1536w, https:\/\/canj.net\/wp-content\/uploads\/2020\/07\/PICT2811-892x566.jpg 892w, https:\/\/canj.net\/wp-content\/uploads\/2020\/07\/PICT2811.jpg 1600w\" sizes=\"auto, (max-width: 1024px) 100vw, 1024px\" \/><\/figure><\/li><\/ul><\/figure>\n<\/div>\n\n\n\n<div class=\"wp-block-column is-layout-flow wp-block-column-is-layout-flow\">\n<div class=\"wp-block-image\"><figure class=\"aligncenter\"><img loading=\"lazy\" decoding=\"async\" width=\"1015\" height=\"1600\" src=\"https:\/\/canj.net\/wp-content\/uploads\/2018\/11\/gallery_09.jpg\" alt=\"\" class=\"wp-image-126\" srcset=\"https:\/\/canj.net\/wp-content\/uploads\/2018\/11\/gallery_09.jpg 1015w, https:\/\/canj.net\/wp-content\/uploads\/2018\/11\/gallery_09-190x300.jpg 190w, https:\/\/canj.net\/wp-content\/uploads\/2018\/11\/gallery_09-650x1024.jpg 650w, https:\/\/canj.net\/wp-content\/uploads\/2018\/11\/gallery_09-768x1211.jpg 768w, https:\/\/canj.net\/wp-content\/uploads\/2018\/11\/gallery_09-974x1536.jpg 974w, https:\/\/canj.net\/wp-content\/uploads\/2018\/11\/gallery_09-892x1406.jpg 892w\" sizes=\"auto, (max-width: 1015px) 100vw, 1015px\" \/><\/figure><\/div>\n<\/div>\n<\/div>\n","protected":false},"excerpt":{"rendered":"<p>\u010cANJ &#8211; \u017divopisna uvala \u015beverozapadno od Sutomora, s pre-krasnom pla\u017eom. Ime je dobilo po starom plemenu \u010cani, \u010dije su bronzane \u015bekire na\u0111ene na ovom lokalitetu. Borislav Stojovi\u0107 (PDF) Nekada\u0161nje radni\u010dko odmarali\u0161te Biserna Obala \u010canj je do\u017eivjelo puno promjena od svoje inicijalne izgradnje. Sa svojom veoma pogodnom pozicijom na izlazu tunela Sozina, koji povezuje primorje sa [&hellip;]<\/p>\n","protected":false},"author":1,"featured_media":641,"parent":0,"menu_order":0,"comment_status":"closed","ping_status":"closed","template":"template-wide-page.php","meta":{"footnotes":""},"class_list":["post-130","page","type-page","status-publish","has-post-thumbnail","hentry"],"_links":{"self":[{"href":"https:\/\/canj.net\/index.php\/wp-json\/wp\/v2\/pages\/130","targetHints":{"allow":["GET"]}}],"collection":[{"href":"https:\/\/canj.net\/index.php\/wp-json\/wp\/v2\/pages"}],"about":[{"href":"https:\/\/canj.net\/index.php\/wp-json\/wp\/v2\/types\/page"}],"author":[{"embeddable":true,"href":"https:\/\/canj.net\/index.php\/wp-json\/wp\/v2\/users\/1"}],"replies":[{"embeddable":true,"href":"https:\/\/canj.net\/index.php\/wp-json\/wp\/v2\/comments?post=130"}],"version-history":[{"count":22,"href":"https:\/\/canj.net\/index.php\/wp-json\/wp\/v2\/pages\/130\/revisions"}],"predecessor-version":[{"id":671,"href":"https:\/\/canj.net\/index.php\/wp-json\/wp\/v2\/pages\/130\/revisions\/671"}],"wp:featuredmedia":[{"embeddable":true,"href":"https:\/\/canj.net\/index.php\/wp-json\/wp\/v2\/media\/641"}],"wp:attachment":[{"href":"https:\/\/canj.net\/index.php\/wp-json\/wp\/v2\/media?parent=130"}],"curies":[{"name":"wp","href":"https:\/\/api.w.org\/{rel}","templated":true}]}}