{"id":152,"date":"2018-11-13T15:01:07","date_gmt":"2018-11-13T15:01:07","guid":{"rendered":"https:\/\/themes.getmotopress.com\/palmeria\/?page_id=152"},"modified":"2024-02-27T22:19:02","modified_gmt":"2024-02-27T21:19:02","slug":"our-amenities","status":"publish","type":"page","link":"https:\/\/canj.net\/index.php\/our-amenities\/","title":{"rendered":"Na\u0161a ponuda"},"content":{"rendered":"\n<p class=\"has-text-align-center\">Razne prednosti zavisno od objekta u kome odsjedate: besplatan Wi-Fi internet pristup, TV, posteljina, klima uredjaj i fri\u017eider su zajedni\u010dki za sve. Levant apartmani i Vila Branka pored ostalog imaju prednost sto su na &#8220;prvoj liniji mora&#8221; &#8211; nema ni\u0161ta izme\u0111u vas i \u0161irokog plavog. Sve \u0161to vam treba je tu &#8211; za kratke ili du\u017ee boravke.<\/p>\n\n\n\n<div style=\"height:50px\" class=\"wp-block-spacer\"><\/div>\n\n\n<div class=\"mphb_sc_services-wrapper \">    <div class=\"services-inner-wrapper\">\n    <div class=\"mphb-service post-84 mphb_room_service type-mphb_room_service status-publish has-post-thumbnail mphb-service-pay-per-adult\">\n\n\t\n\n\t    <\/a>\n    <p class=\"mphb-loop-service-thumbnail\">    <a href=\"https:\/\/canj.net\/index.php\/services\/kiteboarding-lessons\/\">\n    \n\t<img loading=\"lazy\" decoding=\"async\" width=\"892\" height=\"595\" src=\"https:\/\/canj.net\/wp-content\/uploads\/2018\/11\/Pacha-kitesurf-892x595.jpg\" class=\"attachment-post-thumbnail size-post-thumbnail wp-post-image\" alt=\"\" srcset=\"https:\/\/canj.net\/wp-content\/uploads\/2018\/11\/Pacha-kitesurf-892x594.jpg 892w, https:\/\/canj.net\/wp-content\/uploads\/2018\/11\/Pacha-kitesurf-300x200.jpg 300w, https:\/\/canj.net\/wp-content\/uploads\/2018\/11\/Pacha-kitesurf-1024x683.jpg 1024w, https:\/\/canj.net\/wp-content\/uploads\/2018\/11\/Pacha-kitesurf-768x512.jpg 768w, https:\/\/canj.net\/wp-content\/uploads\/2018\/11\/Pacha-kitesurf-1536x1024.jpg 1536w, https:\/\/canj.net\/wp-content\/uploads\/2018\/11\/Pacha-kitesurf-2048x1366.jpg 2048w, https:\/\/canj.net\/wp-content\/uploads\/2018\/11\/Pacha-kitesurf-150x100.jpg 150w\" sizes=\"auto, (max-width: 892px) 100vw, 892px\" \/>\n\t<\/p>\n\t\n<h2 class=\"mphb-service-title\">\n<a href=\"https:\/\/canj.net\/index.php\/services\/kiteboarding-lessons\/\">Kiteboarding<\/a>\n<\/h2>\n\n<p>Do\u0111ite serfovati na prelijepoj ulcinjskoj pla\u017ei! Me\u0111u raznovrsnim vodenim sportovima, kitesurfing je ono \u0161to izaziva divljenje i po\u010detnicima i lovcima na adrenalin. U Ulcinju \u0107ete na\u0107i pje\u0161\u010danu pla\u017eu koja se prote\u017ee kilometrima, a plitka voda Jadranskog mora pru\u017ea beskrajne mogu\u0107nosti za zabavu na kitesurfingu.<\/p>\n\n\n<\/div>\n<div class=\"mphb-service post-145 mphb_room_service type-mphb_room_service status-publish has-post-thumbnail\">\n\n\t\n\n\t    <\/a>\n    <p class=\"mphb-loop-service-thumbnail\">    <a href=\"https:\/\/canj.net\/index.php\/services\/swimming-pool\/\">\n    \n\t<img loading=\"lazy\" decoding=\"async\" width=\"892\" height=\"595\" src=\"https:\/\/canj.net\/wp-content\/uploads\/2018\/11\/pb_pool-892x595.jpg\" class=\"attachment-post-thumbnail size-post-thumbnail wp-post-image\" alt=\"\" srcset=\"https:\/\/canj.net\/wp-content\/uploads\/2018\/11\/pb_pool-892x594.jpg 892w, https:\/\/canj.net\/wp-content\/uploads\/2018\/11\/pb_pool-300x200.jpg 300w, https:\/\/canj.net\/wp-content\/uploads\/2018\/11\/pb_pool-1024x683.jpg 1024w, https:\/\/canj.net\/wp-content\/uploads\/2018\/11\/pb_pool-768x512.jpg 768w, https:\/\/canj.net\/wp-content\/uploads\/2018\/11\/pb_pool-1536x1024.jpg 1536w, https:\/\/canj.net\/wp-content\/uploads\/2018\/11\/pb_pool-2048x1366.jpg 2048w, https:\/\/canj.net\/wp-content\/uploads\/2018\/11\/pb_pool-150x100.jpg 150w\" sizes=\"auto, (max-width: 892px) 100vw, 892px\" \/>\n\t<\/p>\n\t\n<h2 class=\"mphb-service-title\">\n<a href=\"https:\/\/canj.net\/index.php\/services\/swimming-pool\/\">Bazenski kompleks<\/a>\n<\/h2>\n\n<p>Veliki bazen za vjezbu od 25-metara je prijatno mjesto za sjedenje sa pogledom na more i obalu. Ohladite se u kristalno cistoj vodi bazena, uzivajte u ljepotama uz koktel iz bara. Feel the freshness of the Mediterranean breeze and bask in the smiley warm sunshine at the same time. Info: +38269330550<\/p>\n\n\n<\/div>\n<div class=\"mphb-service post-83 mphb_room_service type-mphb_room_service status-publish has-post-thumbnail mphb-service-pay-per-adult mphb-service-pay-per-night\">\n\n\t\n\n\t    <\/a>\n    <p class=\"mphb-loop-service-thumbnail\">    <a href=\"https:\/\/canj.net\/index.php\/services\/diving\/\">\n    \n\t<img loading=\"lazy\" decoding=\"async\" width=\"892\" height=\"595\" src=\"https:\/\/canj.net\/wp-content\/uploads\/2018\/11\/diving-892x595.jpg\" class=\"attachment-post-thumbnail size-post-thumbnail wp-post-image\" alt=\"\" srcset=\"https:\/\/canj.net\/wp-content\/uploads\/2018\/11\/diving-892x594.jpg 892w, https:\/\/canj.net\/wp-content\/uploads\/2018\/11\/diving-300x200.jpg 300w, https:\/\/canj.net\/wp-content\/uploads\/2018\/11\/diving-1024x683.jpg 1024w, https:\/\/canj.net\/wp-content\/uploads\/2018\/11\/diving-768x512.jpg 768w, https:\/\/canj.net\/wp-content\/uploads\/2018\/11\/diving-1536x1024.jpg 1536w, https:\/\/canj.net\/wp-content\/uploads\/2018\/11\/diving-2048x1366.jpg 2048w, https:\/\/canj.net\/wp-content\/uploads\/2018\/11\/diving-150x100.jpg 150w\" sizes=\"auto, (max-width: 892px) 100vw, 892px\" \/>\n\t<\/p>\n\t\n<h2 class=\"mphb-service-title\">\n<a href=\"https:\/\/canj.net\/index.php\/services\/diving\/\">Ronjenje<\/a>\n<\/h2>\n\n<p>Ronjenje je uvijek zabavno! To je jedna od najuzbudljivijih stvari koju na\u0161i gosti uvijek pamte. Plivanje i u \u010distoj, prozirnoj vodi fantasti\u010dna je prilika za istra\u017eivanje mora. Imate veliku \u0161ansu da otkrijete raznolikost \u017eivota u Adriatiku! \u00a0<\/p>\n\n\n<\/div>\n<div class=\"mphb-service post-85 mphb_room_service type-mphb_room_service status-publish has-post-thumbnail mphb-service-pay-per-adult\">\n\n\t\n\n\t    <\/a>\n    <p class=\"mphb-loop-service-thumbnail\">    <a href=\"https:\/\/canj.net\/index.php\/services\/kajak-pedalina\/\">\n    \n\t<img loading=\"lazy\" decoding=\"async\" width=\"892\" height=\"595\" src=\"https:\/\/canj.net\/wp-content\/uploads\/2018\/11\/sea-kayaking-892x595.jpeg\" class=\"attachment-post-thumbnail size-post-thumbnail wp-post-image\" alt=\"\" srcset=\"https:\/\/canj.net\/wp-content\/uploads\/2018\/11\/sea-kayaking-892x594.jpeg 892w, https:\/\/canj.net\/wp-content\/uploads\/2018\/11\/sea-kayaking-300x200.jpeg 300w, https:\/\/canj.net\/wp-content\/uploads\/2018\/11\/sea-kayaking-1024x683.jpeg 1024w, https:\/\/canj.net\/wp-content\/uploads\/2018\/11\/sea-kayaking-768x512.jpeg 768w, https:\/\/canj.net\/wp-content\/uploads\/2018\/11\/sea-kayaking-1536x1025.jpeg 1536w, https:\/\/canj.net\/wp-content\/uploads\/2018\/11\/sea-kayaking-150x100.jpeg 150w, https:\/\/canj.net\/wp-content\/uploads\/2018\/11\/sea-kayaking.jpeg 1920w\" sizes=\"auto, (max-width: 892px) 100vw, 892px\" \/>\n\t<\/p>\n\t\n<h2 class=\"mphb-service-title\">\n<a href=\"https:\/\/canj.net\/index.php\/services\/kajak-pedalina\/\">Iznajmite kajak ili pedalinu<\/a>\n<\/h2>\n\n<p>\u017delite da budete aktivni tokom odmora? Iznajmite pedalinu ili kajak i do\u017eivite morsku obalu na jedinstven i prisan na\u010din.<\/p>\n\n\n<\/div>\n<div class=\"mphb-service post-86 mphb_room_service type-mphb_room_service status-publish has-post-thumbnail mphb-service-pay-per-adult\">\n\n\t\n\n\t    <\/a>\n    <p class=\"mphb-loop-service-thumbnail\">    <a href=\"https:\/\/canj.net\/index.php\/services\/jet-ski\/\">\n    \n\t<img loading=\"lazy\" decoding=\"async\" width=\"892\" height=\"595\" src=\"https:\/\/canj.net\/wp-content\/uploads\/2018\/11\/jetski-892x595.jpg\" class=\"attachment-post-thumbnail size-post-thumbnail wp-post-image\" alt=\"\" srcset=\"https:\/\/canj.net\/wp-content\/uploads\/2018\/11\/jetski-892x594.jpg 892w, https:\/\/canj.net\/wp-content\/uploads\/2018\/11\/jetski-300x200.jpg 300w, https:\/\/canj.net\/wp-content\/uploads\/2018\/11\/jetski-1024x683.jpg 1024w, https:\/\/canj.net\/wp-content\/uploads\/2018\/11\/jetski-768x512.jpg 768w, https:\/\/canj.net\/wp-content\/uploads\/2018\/11\/jetski-1536x1025.jpg 1536w, https:\/\/canj.net\/wp-content\/uploads\/2018\/11\/jetski-2048x1366.jpg 2048w, https:\/\/canj.net\/wp-content\/uploads\/2018\/11\/jetski-150x100.jpg 150w\" sizes=\"auto, (max-width: 892px) 100vw, 892px\" \/>\n\t<\/p>\n\t\n<h2 class=\"mphb-service-title\">\n<a href=\"https:\/\/canj.net\/index.php\/services\/jet-ski\/\">Jet Ski<\/a>\n<\/h2>\n\n<p>U\u017eivajte u uzbudljivoj Jet Ski vo\u017enji. Pokrenite uspavani dan sa adrenalinskom aktivno\u0161\u0107u.<\/p>\n\n\n<\/div>\n<div class=\"mphb-service post-149 mphb_room_service type-mphb_room_service status-publish has-post-thumbnail mphb-service-pay-per-adult\">\n\n\t\n\n\t    <\/a>\n    <p class=\"mphb-loop-service-thumbnail\">    <a href=\"https:\/\/canj.net\/index.php\/services\/boat-tours\/\">\n    \n\t<img loading=\"lazy\" decoding=\"async\" width=\"892\" height=\"595\" src=\"https:\/\/canj.net\/wp-content\/uploads\/2018\/11\/boat-892x595.jpg\" class=\"attachment-post-thumbnail size-post-thumbnail wp-post-image\" alt=\"\" srcset=\"https:\/\/canj.net\/wp-content\/uploads\/2018\/11\/boat-892x594.jpg 892w, https:\/\/canj.net\/wp-content\/uploads\/2018\/11\/boat-300x200.jpg 300w, https:\/\/canj.net\/wp-content\/uploads\/2018\/11\/boat-1024x683.jpg 1024w, https:\/\/canj.net\/wp-content\/uploads\/2018\/11\/boat-768x512.jpg 768w, https:\/\/canj.net\/wp-content\/uploads\/2018\/11\/boat-1536x1024.jpg 1536w, https:\/\/canj.net\/wp-content\/uploads\/2018\/11\/boat-2048x1366.jpg 2048w, https:\/\/canj.net\/wp-content\/uploads\/2018\/11\/boat-150x100.jpg 150w\" sizes=\"auto, (max-width: 892px) 100vw, 892px\" \/>\n\t<\/p>\n\t\n<h2 class=\"mphb-service-title\">\n<a href=\"https:\/\/canj.net\/index.php\/services\/boat-tours\/\">Brodske ture<\/a>\n<\/h2>\n\n<p>Znamo \u0161to vam treba &#8211; skinite cipele, zaboravite na brige i pustite da profesionalna posada &#8220;podigne jedra&#8221; i nacrta kurs za opu\u0161tanje! Ostanite van sunca u natkrivenom dijelu ili uhvatite poneki zrak na spoljnoj palubi. \u00a0<\/p>\n\n\n<\/div>\n<div class=\"mphb-service post-2353 mphb_room_service type-mphb_room_service status-publish has-post-thumbnail mphb-service-pay-per-adult\">\n\n\t\n\n\t    <\/a>\n    <p class=\"mphb-loop-service-thumbnail\">    <a href=\"https:\/\/canj.net\/index.php\/services\/jezerske-ture\/\">\n    \n\t<img loading=\"lazy\" decoding=\"async\" width=\"892\" height=\"540\" src=\"https:\/\/canj.net\/wp-content\/uploads\/2022\/07\/virpazar002-892x540.jpg\" class=\"attachment-post-thumbnail size-post-thumbnail wp-post-image\" alt=\"\" srcset=\"https:\/\/canj.net\/wp-content\/uploads\/2022\/07\/virpazar002-892x540.jpg 892w, https:\/\/canj.net\/wp-content\/uploads\/2022\/07\/virpazar002-300x182.jpg 300w, https:\/\/canj.net\/wp-content\/uploads\/2022\/07\/virpazar002-768x465.jpg 768w, https:\/\/canj.net\/wp-content\/uploads\/2022\/07\/virpazar002.jpg 1024w\" sizes=\"auto, (max-width: 892px) 100vw, 892px\" \/>\n\t<\/p>\n\t\n<h2 class=\"mphb-service-title\">\n<a href=\"https:\/\/canj.net\/index.php\/services\/jezerske-ture\/\">Jezerske ture<\/a>\n<\/h2>\n\n<p>Iskoristite prednosti jedinstvene pozicije \u010canja i ponesite jo\u0161 koji do\u017eivljaj vi\u0161e. Na samo 18km od nas se nalazi gradic Virpazar. Nekadasnji trgovacka veza sredisnje Crne Gore i primorja ima prelijepi ambijent, istoriju proizvodnjom \u010duvenog vina Vranac a nalazi se na obali najve\u0107eg jezera u ovom dijelu Evrope &#8211; Skadarskog Jezera! Uzivajte u kulinarskim specijalitetima ovog [&hellip;]<\/p>\n\n\n<\/div>\n    <\/div>\n    <\/div>\n","protected":false},"excerpt":{"rendered":"<p>Razne prednosti zavisno od objekta u kome odsjedate: besplatan Wi-Fi internet pristup, TV, posteljina, klima uredjaj i fri\u017eider su zajedni\u010dki za sve. Levant apartmani i Vila Branka pored ostalog imaju prednost sto su na &#8220;prvoj liniji mora&#8221; &#8211; nema ni\u0161ta izme\u0111u vas i \u0161irokog plavog. Sve \u0161to vam treba je tu &#8211; za kratke ili [&hellip;]<\/p>\n","protected":false},"author":1,"featured_media":0,"parent":0,"menu_order":0,"comment_status":"closed","ping_status":"closed","template":"template-wide-page.php","meta":{"footnotes":""},"class_list":["post-152","page","type-page","status-publish","hentry"],"_links":{"self":[{"href":"https:\/\/canj.net\/index.php\/wp-json\/wp\/v2\/pages\/152","targetHints":{"allow":["GET"]}}],"collection":[{"href":"https:\/\/canj.net\/index.php\/wp-json\/wp\/v2\/pages"}],"about":[{"href":"https:\/\/canj.net\/index.php\/wp-json\/wp\/v2\/types\/page"}],"author":[{"embeddable":true,"href":"https:\/\/canj.net\/index.php\/wp-json\/wp\/v2\/users\/1"}],"replies":[{"embeddable":true,"href":"https:\/\/canj.net\/index.php\/wp-json\/wp\/v2\/comments?post=152"}],"version-history":[{"count":3,"href":"https:\/\/canj.net\/index.php\/wp-json\/wp\/v2\/pages\/152\/revisions"}],"predecessor-version":[{"id":837,"href":"https:\/\/canj.net\/index.php\/wp-json\/wp\/v2\/pages\/152\/revisions\/837"}],"wp:attachment":[{"href":"https:\/\/canj.net\/index.php\/wp-json\/wp\/v2\/media?parent=152"}],"curies":[{"name":"wp","href":"https:\/\/api.w.org\/{rel}","templated":true}]}}