{"id":166,"date":"2018-11-13T16:35:09","date_gmt":"2018-11-13T16:35:09","guid":{"rendered":"https:\/\/themes.getmotopress.com\/palmeria\/?page_id=166"},"modified":"2024-02-27T22:19:01","modified_gmt":"2024-02-27T21:19:01","slug":"contact-us","status":"publish","type":"page","link":"https:\/\/canj.net\/index.php\/contact-us\/","title":{"rendered":"Kontaktirajte nas"},"content":{"rendered":"\n<div class=\"wp-block-columns has-1-column is-layout-flex wp-container-core-columns-is-layout-9d6595d7 wp-block-columns-is-layout-flex\">\n<div class=\"wp-block-column is-layout-flow wp-block-column-is-layout-flow\">\n<h3 class=\"wp-block-heading\">Pozovite<\/h3>\n\n\n\n<p>\u010canj je jedno od najpopularnijih porodi\u010dnih odmarali\u0161ta u Crnoj Gori. Svaki moment va\u0161eg boravka nam je va\u017ean pa \u017eelimo da budemo sigurni da u\u017eivate u va\u0161em odmoru &#8211; pozovite da popri\u010damo. <\/p>\n\n\n\n<p><a href=\"tel: +382 (69) 388 308\">+382 (69) 388 308<\/a><br><a href=\"email: info@canj.net\">info@canj.net<\/a><\/p>\n\n\n\n<div style=\"height:10px\" aria-hidden=\"true\" class=\"wp-block-spacer\"><\/div>\n\n\n\n<p class=\"has-text-color\" style=\"color:#6e7078\">18, Riva, Canj, Op\u0161tina Bar, MNE<\/p>\n\n\n\n<figure><iframe src=\"https:\/\/www.google.com\/maps\/embed?pb=!1m18!1m12!1m3!1d2957.439405677573!2d18.995739515573355!3d42.16228167920058!2m3!1f0!2f0!3f0!3m2!1i1024!2i768!4f13.1!3m3!1m2!1s0x134e7827ff6757e9%3A0xb512a436c07c475b!2sVila%20Branka%20Hotel!5e0!3m2!1sen!2s!4v1617532344257!5m2!1sen!2s\" width=\"892\" height=\"300\" style=\"border:0;\" allowfullscreen=\"\" loading=\"lazy\"><\/iframe><\/figure>\n<\/div>\n<\/div>\n","protected":false},"excerpt":{"rendered":"<p>Pozovite \u010canj je jedno od najpopularnijih porodi\u010dnih odmarali\u0161ta u Crnoj Gori. Svaki moment va\u0161eg boravka nam je va\u017ean pa \u017eelimo da budemo sigurni da u\u017eivate u va\u0161em odmoru &#8211; pozovite da popri\u010damo. +382 (69) 388 308info@canj.net 18, Riva, Canj, Op\u0161tina Bar, MNE<\/p>\n","protected":false},"author":1,"featured_media":71,"parent":0,"menu_order":0,"comment_status":"closed","ping_status":"closed","template":"template-wide-page.php","meta":{"footnotes":""},"class_list":["post-166","page","type-page","status-publish","has-post-thumbnail","hentry"],"_links":{"self":[{"href":"https:\/\/canj.net\/index.php\/wp-json\/wp\/v2\/pages\/166","targetHints":{"allow":["GET"]}}],"collection":[{"href":"https:\/\/canj.net\/index.php\/wp-json\/wp\/v2\/pages"}],"about":[{"href":"https:\/\/canj.net\/index.php\/wp-json\/wp\/v2\/types\/page"}],"author":[{"embeddable":true,"href":"https:\/\/canj.net\/index.php\/wp-json\/wp\/v2\/users\/1"}],"replies":[{"embeddable":true,"href":"https:\/\/canj.net\/index.php\/wp-json\/wp\/v2\/comments?post=166"}],"version-history":[{"count":6,"href":"https:\/\/canj.net\/index.php\/wp-json\/wp\/v2\/pages\/166\/revisions"}],"predecessor-version":[{"id":3388,"href":"https:\/\/canj.net\/index.php\/wp-json\/wp\/v2\/pages\/166\/revisions\/3388"}],"wp:featuredmedia":[{"embeddable":true,"href":"https:\/\/canj.net\/index.php\/wp-json\/wp\/v2\/media\/71"}],"wp:attachment":[{"href":"https:\/\/canj.net\/index.php\/wp-json\/wp\/v2\/media?parent=166"}],"curies":[{"name":"wp","href":"https:\/\/api.w.org\/{rel}","templated":true}]}}