{"id":42,"date":"2018-11-13T13:28:34","date_gmt":"2018-11-13T12:28:34","guid":{"rendered":"https:\/\/themes.getmotopress.com\/palmeria\/?page_id=42"},"modified":"2024-02-27T22:19:01","modified_gmt":"2024-02-27T21:19:01","slug":"dobrodosli-u-canj","status":"publish","type":"page","link":"https:\/\/canj.net\/","title":{"rendered":"Dobrodo\u0161li u \u010canj"},"content":{"rendered":"","protected":false},"excerpt":{"rendered":"<p>Vila Branka i Levant Apartmani su prvi u \u010canju po\u010deli sa primjenjivanjem Booking.com standarda i pravila za za\u0161titu gostiju. Locirani su prostorno na sredini crnogorske rivijere, sa klju\u010dnom vezom sa glavnim gradom. \u010canj je izlazna ta\u010dka kontinentalnog dijela Crne Gore preko tunela Sozina, pa je odli\u010dno pozicioniran za turiste koji \u017eele da istra\u017euju ljepote Crne Gore. <\/p>\n","protected":false},"author":1,"featured_media":612,"parent":0,"menu_order":0,"comment_status":"closed","ping_status":"closed","template":"template-front-page.php","meta":{"footnotes":""},"class_list":["post-42","page","type-page","status-publish","has-post-thumbnail","hentry"],"_links":{"self":[{"href":"https:\/\/canj.net\/index.php\/wp-json\/wp\/v2\/pages\/42","targetHints":{"allow":["GET"]}}],"collection":[{"href":"https:\/\/canj.net\/index.php\/wp-json\/wp\/v2\/pages"}],"about":[{"href":"https:\/\/canj.net\/index.php\/wp-json\/wp\/v2\/types\/page"}],"author":[{"embeddable":true,"href":"https:\/\/canj.net\/index.php\/wp-json\/wp\/v2\/users\/1"}],"replies":[{"embeddable":true,"href":"https:\/\/canj.net\/index.php\/wp-json\/wp\/v2\/comments?post=42"}],"version-history":[{"count":7,"href":"https:\/\/canj.net\/index.php\/wp-json\/wp\/v2\/pages\/42\/revisions"}],"predecessor-version":[{"id":893,"href":"https:\/\/canj.net\/index.php\/wp-json\/wp\/v2\/pages\/42\/revisions\/893"}],"wp:featuredmedia":[{"embeddable":true,"href":"https:\/\/canj.net\/index.php\/wp-json\/wp\/v2\/media\/612"}],"wp:attachment":[{"href":"https:\/\/canj.net\/index.php\/wp-json\/wp\/v2\/media?parent=42"}],"curies":[{"name":"wp","href":"https:\/\/api.w.org\/{rel}","templated":true}]}}