{"id":55,"date":"2018-11-13T13:51:49","date_gmt":"2018-11-13T13:51:49","guid":{"rendered":"https:\/\/themes.getmotopress.com\/palmeria\/?page_id=55"},"modified":"2024-02-27T22:19:01","modified_gmt":"2024-02-27T21:19:01","slug":"for-your-comfort","status":"publish","type":"page","link":"https:\/\/canj.net\/index.php\/dobrodosli-u-canj\/for-your-comfort\/","title":{"rendered":"Za va\u0161 komfor"},"content":{"rendered":"\r\n<p>U okviru obliznjeg kompleksa <em>Biserna Obala<\/em>, je i otvoreni bazen sa barom i pogledom na more. Ovako kontrolisano okruzenje, moze katkad biti bolje rje\u0161enje (hladna voda ili ne\u0161to sli\u010dno). To nije sve &#8211; iskoristite vas boravak i za druge aktivnosti.<\/p>\r\n<div class=\"wp-block-columns has-2-columns\">\r\n<div class=\"wp-block-column\">\r\n<ul>\r\n<li>Bazen<\/li>\r\n<li>Ronjenje<\/li>\r\n<li>Jet Ski<\/li>\r\n<\/ul>\r\n<\/div>\r\n<!-- \/wp:post-content -->\r\n\r\n<!-- wp:column -->\r\n<div class=\"wp-block-column\"><!-- wp:list -->\r\n<ul>\r\n<li>Kiteboarding<\/li>\r\n<li>Voznja kajakom<\/li>\r\n<li>Brodske ture<\/li>\r\n<\/ul>\r\n<!-- \/wp:list -->\r\n\r\n<!-- wp:paragraph -->\r\n<p>&nbsp;<\/p>\r\n<!-- \/wp:paragraph --><\/div>\r\n<!-- \/wp:column --><\/div>\r\n<!-- \/wp:columns -->","protected":false},"excerpt":{"rendered":"<p>U okviru obliznjeg kompleksa Biserna Obala, je i otvoreni bazen sa barom i pogledom na more. Ovako kontrolisano okruzenje, moze katkad biti bolje rje\u0161enje (hladna voda ili ne\u0161to sli\u010dno). To nije sve &#8211; iskoristite vas boravak i za druge aktivnosti. Bazen Ronjenje Jet Ski Kiteboarding Voznja kajakom Brodske ture &nbsp;<\/p>\n","protected":false},"author":1,"featured_media":791,"parent":42,"menu_order":2,"comment_status":"closed","ping_status":"closed","template":"","meta":{"footnotes":""},"class_list":["post-55","page","type-page","status-publish","has-post-thumbnail","hentry"],"_links":{"self":[{"href":"https:\/\/canj.net\/index.php\/wp-json\/wp\/v2\/pages\/55","targetHints":{"allow":["GET"]}}],"collection":[{"href":"https:\/\/canj.net\/index.php\/wp-json\/wp\/v2\/pages"}],"about":[{"href":"https:\/\/canj.net\/index.php\/wp-json\/wp\/v2\/types\/page"}],"author":[{"embeddable":true,"href":"https:\/\/canj.net\/index.php\/wp-json\/wp\/v2\/users\/1"}],"replies":[{"embeddable":true,"href":"https:\/\/canj.net\/index.php\/wp-json\/wp\/v2\/comments?post=55"}],"version-history":[{"count":5,"href":"https:\/\/canj.net\/index.php\/wp-json\/wp\/v2\/pages\/55\/revisions"}],"predecessor-version":[{"id":907,"href":"https:\/\/canj.net\/index.php\/wp-json\/wp\/v2\/pages\/55\/revisions\/907"}],"up":[{"embeddable":true,"href":"https:\/\/canj.net\/index.php\/wp-json\/wp\/v2\/pages\/42"}],"wp:featuredmedia":[{"embeddable":true,"href":"https:\/\/canj.net\/index.php\/wp-json\/wp\/v2\/media\/791"}],"wp:attachment":[{"href":"https:\/\/canj.net\/index.php\/wp-json\/wp\/v2\/media?parent=55"}],"curies":[{"name":"wp","href":"https:\/\/api.w.org\/{rel}","templated":true}]}}