{"id":583,"date":"2018-11-13T11:12:41","date_gmt":"2018-11-13T11:12:41","guid":{"rendered":"https:\/\/themes.getmotopress.com\/palmeria\/accommodations\/"},"modified":"2024-02-28T10:12:55","modified_gmt":"2024-02-28T09:12:55","slug":"accommodations","status":"publish","type":"page","link":"https:\/\/canj.net\/index.php\/dobrodosli-u-canj\/accommodations\/","title":{"rendered":"Apartmani &#038; Sobe"},"content":{"rendered":"\r\n<p>Na\u0161i objekti &#8220;Guest House Levant&#8221; i &#8220;Vila Branka&#8221; su funkcionalno opremljeni a zajedni\u010dko im je nevjerovatna blizina pla\u017ee. Ovo ih \u010dini prihvatljivim za porodice i osobe koje vi\u0161e cijene prakti\u010dnost. Za va\u0161e ve\u010dernje sate ne morate biti ograni\u010deni na sobu &#8211; oba objekta imaju dvori\u0161ta sa stolovima koje mo\u017eete koristiti za dru\u017eenje.<\/p>\r\n\r\n\r\n\r\n<div style=\"height:50px\" aria-hidden=\"true\" class=\"wp-block-spacer\"><\/div>\r\n\r\n\r\n<div class=\"mphb_sc_rooms-wrapper mphb-room-types masonry \">    <div class=\"mphb-rooms-shortcode-wrapper\">\n    \n<div class=\"mphb-room-type post-726 mphb_room_type type-mphb_room_type status-publish has-post-thumbnail mphb_room_type_category-triple mphb_room_type_facility-air-conditioning mphb_room_type_facility-flat-screen-tv mphb_room_type_facility-free-wi-fi mphb_room_type_facility-refrigerator mphb-room-type-adults-5 mphb-room-type-children-3 \">\n\n\t\n\t\t<div class=\"room-images-wrapper\">\n\t\t\n\n\t<p class=\"post-thumbnail mphb-loop-room-thumbnail\">\n\t<a href=\"https:\/\/canj.net\/index.php\/accommodation\/apartman-levant\/\">\n\t<img loading=\"lazy\" decoding=\"async\" width=\"892\" height=\"892\" src=\"https:\/\/canj.net\/wp-content\/uploads\/2021\/01\/20190609_174502_square-892x892.jpg\" class=\"attachment-palmeria-square size-palmeria-square wp-post-image\" alt=\"\" srcset=\"https:\/\/canj.net\/wp-content\/uploads\/2021\/01\/20190609_174502_square-892x892.jpg 892w, https:\/\/canj.net\/wp-content\/uploads\/2021\/01\/20190609_174502_square-300x300.jpg 300w, https:\/\/canj.net\/wp-content\/uploads\/2021\/01\/20190609_174502_square-1024x1024.jpg 1024w, https:\/\/canj.net\/wp-content\/uploads\/2021\/01\/20190609_174502_square-150x150.jpg 150w, https:\/\/canj.net\/wp-content\/uploads\/2021\/01\/20190609_174502_square-768x768.jpg 768w, https:\/\/canj.net\/wp-content\/uploads\/2021\/01\/20190609_174502_square-1536x1536.jpg 1536w, https:\/\/canj.net\/wp-content\/uploads\/2021\/01\/20190609_174502_square.jpg 1836w\" sizes=\"auto, (max-width: 892px) 100vw, 892px\" \/>\t<\/a>\n\n\t<\/p>\n\t<\/div>\n\t\t<div class=\"room-description-wrapper\">\n\t\t\n<h2 class=\"mphb-room-type-title entry-title\">\n\n<a class=\"mphb-room-type-title\" href=\"https:\/\/canj.net\/index.php\/accommodation\/apartman-levant\/\">Apartman Levant<\/a>\n\n<\/h2>\n\n\t<p class=\"mphb-regular-price\"><strong>Prices start at:<\/strong>\n\t<span class=\"mphb-price\"><span class=\"mphb-currency\">&euro;<\/span>45<\/span> <span class=\"mphb-price-period\" title=\"Choose dates to see relevant prices\">per night<\/span>\n\t<\/p>\n\t\n\t<\/div>\n\t\n\t\n<\/div>\n\n\n<div class=\"mphb-room-type post-710 mphb_room_type type-mphb_room_type status-publish has-post-thumbnail mphb_room_type_category-triple mphb_room_type_facility-air-conditioning mphb_room_type_facility-flat-screen-tv mphb_room_type_facility-free-wi-fi mphb_room_type_facility-refrigerator mphb_room_type_facility-terrace mphb-room-type-adults-4 mphb-room-type-children-2 \">\n\n\t\n\t\t<div class=\"room-images-wrapper\">\n\t\t\n\n\t<p class=\"post-thumbnail mphb-loop-room-thumbnail\">\n\t<a href=\"https:\/\/canj.net\/index.php\/accommodation\/apartman-vilabranka\/\">\n\t<img loading=\"lazy\" decoding=\"async\" width=\"892\" height=\"892\" src=\"https:\/\/canj.net\/wp-content\/uploads\/2021\/01\/viber_image_2022-07-11_09-12-49-410-892x892.jpg\" class=\"attachment-palmeria-square size-palmeria-square wp-post-image\" alt=\"\" srcset=\"https:\/\/canj.net\/wp-content\/uploads\/2021\/01\/viber_image_2022-07-11_09-12-49-410-892x892.jpg 892w, https:\/\/canj.net\/wp-content\/uploads\/2021\/01\/viber_image_2022-07-11_09-12-49-410-150x150.jpg 150w\" sizes=\"auto, (max-width: 892px) 100vw, 892px\" \/>\t<\/a>\n\n\t<\/p>\n\t<\/div>\n\t\t<div class=\"room-description-wrapper\">\n\t\t\n<h2 class=\"mphb-room-type-title entry-title\">\n\n<a class=\"mphb-room-type-title\" href=\"https:\/\/canj.net\/index.php\/accommodation\/apartman-vilabranka\/\">Apartman VilaBranka<\/a>\n\n<\/h2>\n\n\t<p class=\"mphb-regular-price\"><strong>Prices start at:<\/strong>\n\t<span class=\"mphb-price\"><span class=\"mphb-currency\">&euro;<\/span>45<\/span> <span class=\"mphb-price-period\" title=\"Choose dates to see relevant prices\">per night<\/span>\n\t<\/p>\n\t\n\t<\/div>\n\t\n\t\n<\/div>\n\n\n<div class=\"mphb-room-type post-706 mphb_room_type type-mphb_room_type status-publish has-post-thumbnail mphb_room_type_category-double mphb_room_type_facility-air-conditioning mphb_room_type_facility-flat-screen-tv mphb_room_type_facility-free-wi-fi mphb_room_type_facility-refrigerator mphb-room-type-adults-3 mphb-room-type-children-2 \">\n\n\t\n\t\t<div class=\"room-images-wrapper\">\n\t\t\n\n\t<p class=\"post-thumbnail mphb-loop-room-thumbnail\">\n\t<a href=\"https:\/\/canj.net\/index.php\/accommodation\/dvokrevetna-soba-vilabranka\/\">\n\t<img loading=\"lazy\" decoding=\"async\" width=\"892\" height=\"892\" src=\"https:\/\/canj.net\/wp-content\/uploads\/2021\/01\/VB-soba2-892x892.jpg\" class=\"attachment-palmeria-square size-palmeria-square wp-post-image\" alt=\"\" srcset=\"https:\/\/canj.net\/wp-content\/uploads\/2021\/01\/VB-soba2-892x892.jpg 892w, https:\/\/canj.net\/wp-content\/uploads\/2021\/01\/VB-soba2-150x150.jpg 150w\" sizes=\"auto, (max-width: 892px) 100vw, 892px\" \/>\t<\/a>\n\n\t<\/p>\n\t<\/div>\n\t\t<div class=\"room-description-wrapper\">\n\t\t\n<h2 class=\"mphb-room-type-title entry-title\">\n\n<a class=\"mphb-room-type-title\" href=\"https:\/\/canj.net\/index.php\/accommodation\/dvokrevetna-soba-vilabranka\/\">Dvokrevetna soba<\/a>\n\n<\/h2>\n\n\t<p class=\"mphb-regular-price\"><strong>Prices start at:<\/strong>\n\t<span class=\"mphb-price\"><span class=\"mphb-currency\">&euro;<\/span>29<\/span> <span class=\"mphb-price-period\" title=\"Choose dates to see relevant prices\">per night<\/span>\n\t<\/p>\n\t\n\t<\/div>\n\t\n\t\n<\/div>\n\n\n<div class=\"mphb-room-type post-692 mphb_room_type type-mphb_room_type status-publish has-post-thumbnail mphb_room_type_category-double mphb_room_type_facility-air-conditioning mphb_room_type_facility-flat-screen-tv mphb_room_type_facility-free-wi-fi mphb_room_type_facility-refrigerator mphb-room-type-adults-3 mphb-room-type-children-2 \">\n\n\t\n\t\t<div class=\"room-images-wrapper\">\n\t\t\n\n\t<p class=\"post-thumbnail mphb-loop-room-thumbnail\">\n\t<a href=\"https:\/\/canj.net\/index.php\/accommodation\/niskobudzetna-dvokrevetna-soba-vilabranka\/\">\n\t<img loading=\"lazy\" decoding=\"async\" width=\"892\" height=\"892\" src=\"https:\/\/canj.net\/wp-content\/uploads\/2021\/01\/vb_soba_bp_square-892x892.jpg\" class=\"attachment-palmeria-square size-palmeria-square wp-post-image\" alt=\"\" srcset=\"https:\/\/canj.net\/wp-content\/uploads\/2021\/01\/vb_soba_bp_square-892x892.jpg 892w, https:\/\/canj.net\/wp-content\/uploads\/2021\/01\/vb_soba_bp_square-300x300.jpg 300w, https:\/\/canj.net\/wp-content\/uploads\/2021\/01\/vb_soba_bp_square-1024x1024.jpg 1024w, https:\/\/canj.net\/wp-content\/uploads\/2021\/01\/vb_soba_bp_square-150x150.jpg 150w, https:\/\/canj.net\/wp-content\/uploads\/2021\/01\/vb_soba_bp_square-768x768.jpg 768w, https:\/\/canj.net\/wp-content\/uploads\/2021\/01\/vb_soba_bp_square.jpg 1200w\" sizes=\"auto, (max-width: 892px) 100vw, 892px\" \/>\t<\/a>\n\n\t<\/p>\n\t<\/div>\n\t\t<div class=\"room-description-wrapper\">\n\t\t\n<h2 class=\"mphb-room-type-title entry-title\">\n\n<a class=\"mphb-room-type-title\" href=\"https:\/\/canj.net\/index.php\/accommodation\/niskobudzetna-dvokrevetna-soba-vilabranka\/\">Niskobud\u017eetna soba<\/a>\n\n<\/h2>\n\n\t<p class=\"mphb-regular-price\"><strong>Prices start at:<\/strong>\n\t<span class=\"mphb-price\"><span class=\"mphb-currency\">&euro;<\/span>20<\/span> <span class=\"mphb-price-period\" title=\"Choose dates to see relevant prices\">per night<\/span>\n\t<\/p>\n\t\n\t<\/div>\n\t\n\t\n<\/div>\n\n    <\/div>\n    <\/div>\n","protected":false},"excerpt":{"rendered":"<p>Na\u0161i objekti &#8220;Guest House Levant&#8221; i &#8220;Vila Branka&#8221; su funkcionalno opremljeni a zajedni\u010dko im je nevjerovatna blizina pla\u017ee. Ovo ih \u010dini prihvatljivim za porodice i osobe koje vi\u0161e cijene prakti\u010dnost. Za va\u0161e ve\u010dernje sate ne morate biti ograni\u010deni na sobu &#8211; oba objekta imaju dvori\u0161ta sa stolovima koje mo\u017eete koristiti za dru\u017eenje.<\/p>\n","protected":false},"author":1,"featured_media":778,"parent":42,"menu_order":1,"comment_status":"closed","ping_status":"closed","template":"template-wide-page.php","meta":{"footnotes":""},"class_list":["post-583","page","type-page","status-publish","has-post-thumbnail","hentry"],"_links":{"self":[{"href":"https:\/\/canj.net\/index.php\/wp-json\/wp\/v2\/pages\/583","targetHints":{"allow":["GET"]}}],"collection":[{"href":"https:\/\/canj.net\/index.php\/wp-json\/wp\/v2\/pages"}],"about":[{"href":"https:\/\/canj.net\/index.php\/wp-json\/wp\/v2\/types\/page"}],"author":[{"embeddable":true,"href":"https:\/\/canj.net\/index.php\/wp-json\/wp\/v2\/users\/1"}],"replies":[{"embeddable":true,"href":"https:\/\/canj.net\/index.php\/wp-json\/wp\/v2\/comments?post=583"}],"version-history":[{"count":12,"href":"https:\/\/canj.net\/index.php\/wp-json\/wp\/v2\/pages\/583\/revisions"}],"predecessor-version":[{"id":5778,"href":"https:\/\/canj.net\/index.php\/wp-json\/wp\/v2\/pages\/583\/revisions\/5778"}],"up":[{"embeddable":true,"href":"https:\/\/canj.net\/index.php\/wp-json\/wp\/v2\/pages\/42"}],"wp:featuredmedia":[{"embeddable":true,"href":"https:\/\/canj.net\/index.php\/wp-json\/wp\/v2\/media\/778"}],"wp:attachment":[{"href":"https:\/\/canj.net\/index.php\/wp-json\/wp\/v2\/media?parent=583"}],"curies":[{"name":"wp","href":"https:\/\/api.w.org\/{rel}","templated":true}]}}