{"id":9,"date":"2018-11-13T11:12:41","date_gmt":"2018-11-13T11:12:41","guid":{"rendered":"https:\/\/themes.getmotopress.com\/palmeria\/booking-confirmation\/payment-success\/"},"modified":"2024-02-27T22:19:02","modified_gmt":"2024-02-27T21:19:02","slug":"payment-success","status":"publish","type":"page","link":"https:\/\/canj.net\/index.php\/booking-confirmation\/payment-success\/","title":{"rendered":"Pla\u0107anje uspje\u0161no"},"content":{"rendered":"<p>Hvala na uplati. Va\u0161e transakcija je zavr\u0161ena i ra\u010dun proslije\u0111en emailom.<\/p>\n","protected":false},"excerpt":{"rendered":"<p>Hvala na uplati. Va\u0161e transakcija je zavr\u0161ena i ra\u010dun proslije\u0111en emailom.<\/p>\n","protected":false},"author":1,"featured_media":0,"parent":586,"menu_order":0,"comment_status":"closed","ping_status":"closed","template":"","meta":{"footnotes":""},"class_list":["post-9","page","type-page","status-publish","hentry"],"_links":{"self":[{"href":"https:\/\/canj.net\/index.php\/wp-json\/wp\/v2\/pages\/9","targetHints":{"allow":["GET"]}}],"collection":[{"href":"https:\/\/canj.net\/index.php\/wp-json\/wp\/v2\/pages"}],"about":[{"href":"https:\/\/canj.net\/index.php\/wp-json\/wp\/v2\/types\/page"}],"author":[{"embeddable":true,"href":"https:\/\/canj.net\/index.php\/wp-json\/wp\/v2\/users\/1"}],"replies":[{"embeddable":true,"href":"https:\/\/canj.net\/index.php\/wp-json\/wp\/v2\/comments?post=9"}],"version-history":[{"count":2,"href":"https:\/\/canj.net\/index.php\/wp-json\/wp\/v2\/pages\/9\/revisions"}],"predecessor-version":[{"id":902,"href":"https:\/\/canj.net\/index.php\/wp-json\/wp\/v2\/pages\/9\/revisions\/902"}],"up":[{"embeddable":true,"href":"https:\/\/canj.net\/index.php\/wp-json\/wp\/v2\/pages\/586"}],"wp:attachment":[{"href":"https:\/\/canj.net\/index.php\/wp-json\/wp\/v2\/media?parent=9"}],"curies":[{"name":"wp","href":"https:\/\/api.w.org\/{rel}","templated":true}]}}